{"id":2806,"date":"2018-05-25T17:59:33","date_gmt":"2018-05-25T15:59:33","guid":{"rendered":"https:\/\/www.stradaoliodopumbria.it\/?page_id=2806"},"modified":"2022-09-28T11:17:52","modified_gmt":"2022-09-28T09:17:52","slug":"privacy-policy","status":"publish","type":"page","link":"https:\/\/www.stradaoliodopumbria.it\/en\/privacy-policy\/","title":{"rendered":"Privacy Policy"},"content":{"rendered":"<h2 class=\"p2\"><strong><span class=\"s1\">Nota Informativa sul Trattamento dei Dati Personali<\/span><\/strong><\/h2>\n<p class=\"p2\"><span class=\"s1\">Privacy Policy di Associazione Strada dell\u2019Olio e.v.o. Dop Umbria<\/span><\/p>\n<p class=\"p2\"><span class=\"s1\">In ottemperanza degli obblighi derivanti dalla normativa nazionale (D. Lgs 30 giugno 2003 n. 196, Codice in materia di protezione dei dati personali) e comunitaria, (Regolamento europeo per la protezione dei dati personali n. 679\/2016, GDPR) e successive modifiche, il presente sito rispetta e tutela la riservatezza dei visitatori e degli utenti, ponendo in essere ogni sforzo possibile e proporzionato per non ledere i diritti degli utenti.<\/span><\/p>\n<p class=\"p2\"><span class=\"s1\">La presente privacy policy si applica esclusivamente alle attivit\u00e0 online del presente sito ed \u00e8 valida per i visitatori\/utenti del sito. Non si applica alle informazioni raccolte tramite canali diversi dal presente sito web. Lo scopo dell\u2019informativa privacy \u00e8 di fornire la massima trasparenza relativamente alle informazioni che il sito raccoglie e come le usa.<\/span><\/p>\n<h3 class=\"p2\"><span class=\"s1\">Base giuridica del trattamento<\/span><\/h3>\n<p class=\"p2\"><span class=\"s1\">Il presente sito tratta i dati in base al consenso. Con l\u2019uso o la consultazione del presente sito i visitatori e gli utenti approvano esplicitamente la presente informativa privacy e acconsentono al trattamento dei loro dati personali in relazione alle modalit\u00e0 e alle finalit\u00e0 di seguito descritte, compreso l\u2019eventuale diffusione a terzi se necessaria per l\u2019erogazione di un servizio.<\/span><\/p>\n<p class=\"p2\"><span class=\"s1\">Il conferimento dei dati e quindi il Consenso alla raccolta e al trattamento dei dati \u00e8 facoltativo, l\u2019Utente pu\u00f2 negare il consenso, e pu\u00f2 revocare in qualsiasi momento un consenso gi\u00e0 fornito (tramite mail a <a href=\"mailto:info@stradaoliodopumbria.it\"><span class=\"s2\">info@stradaoliodopumbria.it<\/span><\/a> ). Tuttavia negare il consenso pu\u00f2 comportare l\u2019impossibilit\u00e0 di erogare alcuni servizi e l\u2019esperienza di navigazione nel sito potrebbe essere compromessa. A partire dal 25 maggio 2018 (data di entrata in vigore del GDPR), il presente sito tratter\u00e0 alcuni dei dati in base ai legittimi interessi del titolare del trattamento.<\/span><\/p>\n<h3 class=\"p2\"><span class=\"s1\">Titolare del Trattamento dei Dati<\/span><\/h3>\n<p class=\"p2\"><span class=\"s1\">Associazione Strada dell\u2019Olio e.v.o. Dop Umbria \u2013 Piazza Mazzini, 21 \u2013 06039 Trevi (Pg) &#8211; Italia<\/span><\/p>\n<p class=\"p2\"><span class=\"s1\">Indirizzo email del Titolare: <a href=\"mailto:info@stradaoliodopumbria.it\"><span class=\"s2\">info@stradaoliodopumbria.it<\/span><\/a> <\/span><\/p>\n<h3 class=\"p2\"><span class=\"s1\">Responsabile del Trattamento<\/span><\/h3>\n<p class=\"p2\"><span class=\"s1\">Associazione Strada dell\u2019Olio e.v.o. Dop Umbria \u2013 nella figura del suo Legale Rappresentante<\/span><\/p>\n<h3 class=\"p2\"><span class=\"s1\">Tipologie di Dati raccolti e Finalit\u00e0<\/span><\/h3>\n<p class=\"p2\"><span class=\"s1\">Come tutti i siti web anche il presente sito fa uso di log files nei quali vengono conservate informazioni raccolte in maniera automatizzata durante le visite degli utenti. Le informazioni raccolte potrebbero essere le seguenti:<\/span><\/p>\n<ul>\n<li class=\"p2\"><span class=\"s1\"><span class=\"Apple-converted-space\">\u00a0 \u00a0 <\/span>indirizzo internet protocol (IP);<\/span><\/li>\n<li class=\"p2\"><span class=\"s1\"><span class=\"Apple-converted-space\">\u00a0 \u00a0 <\/span>tipo di browser e parametri del dispositivo usato per connettersi al sito;<\/span><\/li>\n<li class=\"p2\"><span class=\"s1\"><span class=\"Apple-converted-space\">\u00a0 \u00a0 <\/span>nome dell\u2019internet service provider (ISP);<\/span><\/li>\n<li class=\"p2\"><span class=\"s1\"><span class=\"Apple-converted-space\">\u00a0 \u00a0 <\/span>data e orario di visita;<\/span><\/li>\n<li class=\"p2\"><span class=\"s1\"><span class=\"Apple-converted-space\">\u00a0 \u00a0 <\/span>pagina web di provenienza del visitatore (referral) e di uscita;<\/span><\/li>\n<li class=\"p2\"><span class=\"s1\"><span class=\"Apple-converted-space\">\u00a0 \u00a0 <\/span>eventualmente il numero di click.<\/span><\/li>\n<\/ul>\n<p class=\"p2\"><span class=\"s1\">Le suddette informazioni sono trattate in forma automatizzata e raccolte in forma esclusivamente aggregata al fine di verificare il corretto funzionamento del sito, e per motivi di sicurezza (dal 25 maggio 2018 tali informazioni saranno trattate in base ai legittimi interessi del titolare).<\/span><\/p>\n<p class=\"p2\"><span class=\"s1\">A fini di sicurezza (filtri antispam, firewall, rilevazione virus), i dati registrati automaticamente possono eventualmente comprendere anche dati personali come l\u2019indirizzo Ip, che potrebbe essere utilizzato, conformemente alle leggi vigenti in materia, al fine di bloccare tentativi di danneggiamento al sito medesimo o di recare danno ad altri utenti, o comunque attivit\u00e0 dannose o costituenti reato. Tali dati non sono mai utilizzati per l\u2019identificazione o la profilazione dell\u2019utente, ma solo a fini di tutela del sito e dei suoi utenti (dal 25 maggio 2018 tali informazioni saranno trattate in base ai legittimi interessi del titolare).<\/span><\/p>\n<p class=\"p2\"><span class=\"s1\">Qualora il sito consenta l\u2019inserimento di commenti, oppure in caso di specifici servizi richiesti dall\u2019utente, il sito rileva automaticamente e registra alcuni dati identificativi dell\u2019utente, compreso l\u2019indirizzo mail. Tali dati si intendono volontariamente forniti dall\u2019utente al momento della richiesta di erogazione del servizio. Inserendo un commento o altra informazione l\u2019utente accetta espressamente l\u2019informativa privacy, e in particolare acconsente che i contenuti inseriti siano liberamente diffusi anche a terzi.<\/span><\/p>\n<p class=\"p2\"><span class=\"s1\">I dati ricevuti verranno utilizzati esclusivamente per l\u2019erogazione del servizio richiesto e per il solo tempo necessario per la fornitura del servizio.<\/span><\/p>\n<p class=\"p2\"><span class=\"s1\">Le informazioni che gli utenti del sito riterranno di rendere pubbliche tramite i servizi e gli strumenti messi a disposizione degli stessi, sono fornite dall\u2019utente consapevolmente e volontariamente, esentando il presente sito da qualsiasi responsabilit\u00e0 in merito ad eventuali violazioni delle leggi. Spetta all\u2019utente verificare di avere i permessi per l\u2019immissione di dati personali di terzi o di contenuti tutelati dalle norme nazionali ed internazionali.<\/span><\/p>\n<p class=\"p2\"><span class=\"s1\">I dati raccolti dal sito durante il suo funzionamento sono utilizzati esclusivamente per le finalit\u00e0 sopra indicate e conservati per il tempo strettamente necessario a svolgere le attivit\u00e0 precisate. In ogni caso i dati rilevati dal sito non saranno forniti mai a terzi, per nessuna ragione, a meno che non si tratti di legittima richiesta da parte dell\u2019autorit\u00e0 giudiziaria e nei soli casi previsti dalla legge.<\/span><\/p>\n<p class=\"p2\"><span class=\"s1\">I dati utilizzati a fini di sicurezza (blocco tentativi di danneggiamento del sito) sono conservati per 7 giorni.<\/span><\/p>\n<h3 class=\"p2\"><span class=\"s1\">Luogo del trattamento<\/span><\/h3>\n<p class=\"p2\"><span class=\"s1\">I dati raccolti dal sito sono trattati presso la sede del Titolare del Trattamento.<\/span><\/p>\n<h3 class=\"p2\"><span class=\"s1\">Newsletter<\/span><\/h3>\n<p class=\"p2\"><span class=\"s1\">Per l\u2019iscrizione alla nostra newsletter tramite e-mail, oltre al vostro consenso al trattamento dei dati, \u00e8 necessario almeno il vostro indirizzo e-mail, al quale la newsletter dovr\u00e0 essere inviata. Eventuali altri dati sono facoltativi e vengono utilizzati per potervi contattare personalmente, personalizzare il contenuto della newsletter e rispondere a domande sull\u2019indirizzo e-mail. Per l\u2019invio della nostra newsletter utilizziamo generalmente il cosiddetto procedimento double opt-in, ossia la newsletter vi verr\u00e0 inviata soltanto se prima avrete confermato la vostra iscrizione mediante il link contenuto in una e-mail di conferma inviatavi appositamente. In tal modo desideriamo assicurarci che solo voi, in quanto titolare dell\u2019indirizzo e-mail fornito, possiate accedere alla newsletter. La vostra conferma al riguardo deve avvenire non appena riceverete l\u2019e-mail di conferma, altrimenti la vostra iscrizione alla newsletter verr\u00e0 automaticamente cancellata dalla nostra banca dati. Potrete disdire la newsletter in qualsiasi momento. \u00c8 possibile effettuare la cancellazione inviando una e-mail informale a <a href=\"mailto:info@stradaoliodopumbria.it\"><span class=\"s2\">info@stradaoliodopumbria.it<\/span><\/a><\/span><\/p>\n<h3 class=\"p2\"><span class=\"s1\">Cookie<\/span><\/h3>\n<p class=\"p2\"><span class=\"s1\">Per informazioni circa il trattamento dei cookies e la propria gestione si rimanda all\u2019informativa dedicata<\/span><\/p>\n<h3 class=\"p2\"><span class=\"s1\">Trasferimento di dati in paesi extra UE<\/span><\/h3>\n<p class=\"p2\"><span class=\"s1\">Non trasferiamo i vostri dati personali a terzi a meno che non lo abbiate acconsentito o ne siamo autorizzati o obbligati sulla base di norme legali e\/o di direttive giudiziarie o delle autorit\u00e0. Potrebbe trattarsi in particolare di fornitura di informazioni ai fini di un\u2019azione penale, per la sicurezza o per l\u2019applicazione di diritti di propriet\u00e0 intellettuale. Tuttavia il presente sito potrebbe condividere alcuni dei dati raccolti con servizi localizzati al di fuori dell\u2019area dell\u2019Unione Europea. In particolare con Google, Facebook e Microsoft (LinkedIn) tramite i social plugin e il servizio di Google Analytics. Il trasferimento \u00e8 autorizzato in base a specifiche decisioni dell\u2019Unione Europea e del Garante per la tutela dei dati personali, in particolare la decisione 1250\/2016 (Privacy Shield \u2013 qui la pagina informativa del Garante italiano), per cui non occorre ulteriore consenso. Le aziende sopra menzionate garantiscono la propria adesione al Privacy Shield.<\/span><\/p>\n<h3 class=\"p2\"><span class=\"s1\">Protezione dei dati e siti web di terzi<\/span><\/h3>\n<p class=\"p2\"><span class=\"s1\">Il nostro sito web pu\u00f2 contenere collegamenti ipertestuali verso e da siti web di terzi. Se accedete a uno di questi siti web mediante un collegamento ipertestuale, considerate che non possiamo assumerci alcuna responsabilit\u00e0 o garanzia in merito a contenuti esterni o a condizioni di terzi sulla protezione dei dati. Vi preghiamo di informarvi in merito alle condizioni sulla protezione dei dati di volta in volta vigenti prima di trasmettere i vostri dati personali a tali siti web.<\/span><\/p>\n<h3 class=\"p2\"><span class=\"s1\">Misure di sicurezza<\/span><\/h3>\n<p class=\"p2\"><span class=\"s1\">Il presente sito tratta i dati degli utenti in maniera lecita e corretta, adottando le opportune misure di sicurezza volte ad impedire accessi non autorizzati, divulgazione, modifica o distruzione non autorizzata dei dati. Il trattamento viene effettuato mediante strumenti informatici e\/o telematici, con modalit\u00e0 organizzative e con logiche strettamente correlate alle finalit\u00e0 indicate. Oltre al titolare, in alcuni casi, potrebbero avere accesso ai dati categorie di incaricati coinvolti nell\u2019organizzazione del sito (personale amministrativo, commerciale, marketing, legali, amministratori di sistema) ovvero soggetti esterni (come fornitori di servizi tecnici terzi, corrieri postali, hosting provider, societ\u00e0 informatiche, agenzie di comunicazione).<\/span><\/p>\n<h3 class=\"p2\"><span class=\"s1\">Modifiche dell\u2019informativa sulla protezione dei dati<\/span><\/h3>\n<p class=\"p2\"><span class=\"s1\">Ci riserviamo il diritto di modificare la presente Informativa sulla protezione dei dati in qualsiasi momento e in osservanza delle normative vigenti in materia. La versione aggiornata sar\u00e0 sempre reperibile sul nostro sito web<\/span><\/p>\n<h3 class=\"p2\"><span class=\"s1\">Diritti dell\u2019utente<\/span><\/h3>\n<p class=\"p2\"><span class=\"s1\">Ai sensi del Regolamento europeo 679\/2016 (GDPR) e della normativa nazionale, l\u2019Utente pu\u00f2, secondo le modalit\u00e0 e nei limiti previsti dalla vigente normativa, esercitare i seguenti diritti:<\/span><\/p>\n<ul>\n<li class=\"p2\"><span class=\"s1\"><span class=\"Apple-converted-space\">\u00a0 \u00a0 <\/span>richiedere la conferma dell\u2019esistenza di dati personali che lo riguardano (diritto di accesso);<\/span><\/li>\n<li class=\"p2\"><span class=\"s1\"><span class=\"Apple-converted-space\">\u00a0 \u00a0 <\/span>conoscerne l\u2019origine;<\/span><\/li>\n<li class=\"p2\"><span class=\"s1\"><span class=\"Apple-converted-space\">\u00a0 \u00a0 <\/span>riceverne comunicazione intelligibile;<\/span><\/li>\n<li class=\"p2\"><span class=\"s1\"><span class=\"Apple-converted-space\">\u00a0 \u00a0 <\/span>avere informazioni circa la logica, le modalit\u00e0 e le finalit\u00e0 del trattamento;<\/span><\/li>\n<li class=\"p2\"><span class=\"s1\"><span class=\"Apple-converted-space\">\u00a0 \u00a0 <\/span>richiederne l\u2019aggiornamento, la rettifica, l\u2019integrazione, la cancellazione, la trasformazione in forma anonima, il blocco dei dati trattati in violazione di legge, ivi compresi quelli non pi\u00f9 necessari al perseguimento degli scopi per i quali sono stati raccolti;<\/span><\/li>\n<li class=\"p2\"><span class=\"s1\"><span class=\"Apple-converted-space\">\u00a0 \u00a0 <\/span>nei casi di trattamento basato su consenso, ricevere al solo costo dell\u2019eventuale supporto, i suoi dati forniti al titolare, in forma strutturata e leggibile da un elaboratore di dati e in un formato comunemente usato da un dispositivo elettronico;<\/span><\/li>\n<li class=\"p2\"><span class=\"s1\"><span class=\"Apple-converted-space\">\u00a0 \u00a0 <\/span>il diritto di presentare un reclamo all\u2019Autorit\u00e0 di controllo (Garante Privacy \u2013 link alla pagina del Garante);<\/span><\/li>\n<li class=\"p2\"><span class=\"s1\"><span class=\"Apple-converted-space\">\u00a0 \u00a0 <\/span>nonch\u00e9, pi\u00f9 in generale, esercitare tutti i diritti che gli sono riconosciuti dalle vigenti disposizioni di legge.<\/span><\/li>\n<\/ul>\n<p class=\"p2\"><span class=\"s1\">Le richieste vanno rivolte al Titolare del trattamento.<\/span><\/p>\n<p class=\"p2\"><span class=\"s1\">Nel caso in cui i dati siano trattati in base ai legittimi interessi sono comunque garantiti i diritti degli interessati al trattamento (tranne il diritto alla portabilit\u00e0 che non \u00e8 previsto dalle norme), in particolare il diritto di opposizione al trattamento che pu\u00f2 essere esercitato inviando una richiesta al titolare del trattamento.<\/span><\/p>\n<!--themify_builder_content-->\n<div id=\"themify_builder_content-2806\" data-postid=\"2806\" class=\"themify_builder_content themify_builder_content-2806 themify_builder tf_clear\">\n    <\/div>\n<!--\/themify_builder_content-->\n","protected":false},"excerpt":{"rendered":"<p>Nota Informativa sul Trattamento dei Dati Personali Privacy Policy di Associazione Strada dell\u2019Olio e.v.o. Dop Umbria In ottemperanza degli obblighi derivanti dalla normativa nazionale (D. Lgs 30 giugno 2003 n. 196, Codice in materia di protezione dei dati personali) e comunitaria, (Regolamento europeo per la protezione dei dati personali n. 679\/2016, GDPR) e successive modifiche, [&hellip;]<\/p>\n","protected":false},"author":1,"featured_media":0,"parent":0,"menu_order":0,"comment_status":"closed","ping_status":"closed","template":"","meta":{"_custom_body_class":"","_custom_post_class":"","footnotes":""},"class_list":["post-2806","page","type-page","status-publish","hentry","has-post-title","has-post-date","has-post-category","has-post-tag","has-post-comment","has-post-author",""],"yoast_head":"<!-- This site is optimized with the Yoast SEO plugin v26.9 - https:\/\/yoast.com\/product\/yoast-seo-wordpress\/ -->\n<title>Privacy Policy - Strada Olio Dop Umbria<\/title>\n<meta name=\"robots\" content=\"index, follow, max-snippet:-1, max-image-preview:large, max-video-preview:-1\" \/>\n<link rel=\"canonical\" href=\"https:\/\/www.stradaoliodopumbria.it\/privacy-policy\/\" \/>\n<meta property=\"og:locale\" content=\"en_US\" \/>\n<meta property=\"og:type\" content=\"article\" \/>\n<meta property=\"og:title\" content=\"Privacy Policy - Strada Olio Dop Umbria\" \/>\n<meta property=\"og:description\" content=\"Nota Informativa sul Trattamento dei Dati Personali Privacy Policy di Associazione Strada dell\u2019Olio e.v.o. Dop Umbria In ottemperanza degli obblighi derivanti dalla normativa nazionale (D. Lgs 30 giugno 2003 n. 196, Codice in materia di protezione dei dati personali) e comunitaria, (Regolamento europeo per la protezione dei dati personali n. 679\/2016, GDPR) e successive modifiche, [&hellip;]\" \/>\n<meta property=\"og:url\" content=\"https:\/\/www.stradaoliodopumbria.it\/privacy-policy\/\" \/>\n<meta property=\"og:site_name\" content=\"Strada Olio Dop Umbria\" \/>\n<meta property=\"article:modified_time\" content=\"2022-09-28T09:17:52+00:00\" \/>\n<meta name=\"twitter:card\" content=\"summary_large_image\" \/>\n<meta name=\"twitter:label1\" content=\"Est. reading time\" \/>\n\t<meta name=\"twitter:data1\" content=\"9 minutes\" \/>\n<script type=\"application\/ld+json\" class=\"yoast-schema-graph\">{\"@context\":\"https:\/\/schema.org\",\"@graph\":[{\"@type\":\"WebPage\",\"@id\":\"https:\/\/www.stradaoliodopumbria.it\/privacy-policy\/\",\"url\":\"https:\/\/www.stradaoliodopumbria.it\/privacy-policy\/\",\"name\":\"Privacy Policy - Strada Olio Dop Umbria\",\"isPartOf\":{\"@id\":\"https:\/\/www.stradaoliodopumbria.it\/#website\"},\"datePublished\":\"2018-05-25T15:59:33+00:00\",\"dateModified\":\"2022-09-28T09:17:52+00:00\",\"breadcrumb\":{\"@id\":\"https:\/\/www.stradaoliodopumbria.it\/privacy-policy\/#breadcrumb\"},\"inLanguage\":\"en-US\",\"potentialAction\":[{\"@type\":\"ReadAction\",\"target\":[\"https:\/\/www.stradaoliodopumbria.it\/privacy-policy\/\"]}]},{\"@type\":\"BreadcrumbList\",\"@id\":\"https:\/\/www.stradaoliodopumbria.it\/privacy-policy\/#breadcrumb\",\"itemListElement\":[{\"@type\":\"ListItem\",\"position\":1,\"name\":\"Home\",\"item\":\"https:\/\/www.stradaoliodopumbria.it\/en\/\"},{\"@type\":\"ListItem\",\"position\":2,\"name\":\"Privacy Policy\"}]},{\"@type\":\"WebSite\",\"@id\":\"https:\/\/www.stradaoliodopumbria.it\/#website\",\"url\":\"https:\/\/www.stradaoliodopumbria.it\/\",\"name\":\"Strada Olio Dop Umbria\",\"description\":\"Un nuovo sito targato WordPress\",\"potentialAction\":[{\"@type\":\"SearchAction\",\"target\":{\"@type\":\"EntryPoint\",\"urlTemplate\":\"https:\/\/www.stradaoliodopumbria.it\/?s={search_term_string}\"},\"query-input\":{\"@type\":\"PropertyValueSpecification\",\"valueRequired\":true,\"valueName\":\"search_term_string\"}}],\"inLanguage\":\"en-US\"}]}<\/script>\n<!-- \/ Yoast SEO plugin. -->","yoast_head_json":{"title":"Privacy Policy - Strada Olio Dop Umbria","robots":{"index":"index","follow":"follow","max-snippet":"max-snippet:-1","max-image-preview":"max-image-preview:large","max-video-preview":"max-video-preview:-1"},"canonical":"https:\/\/www.stradaoliodopumbria.it\/privacy-policy\/","og_locale":"en_US","og_type":"article","og_title":"Privacy Policy - Strada Olio Dop Umbria","og_description":"Nota Informativa sul Trattamento dei Dati Personali Privacy Policy di Associazione Strada dell\u2019Olio e.v.o. Dop Umbria In ottemperanza degli obblighi derivanti dalla normativa nazionale (D. Lgs 30 giugno 2003 n. 196, Codice in materia di protezione dei dati personali) e comunitaria, (Regolamento europeo per la protezione dei dati personali n. 679\/2016, GDPR) e successive modifiche, [&hellip;]","og_url":"https:\/\/www.stradaoliodopumbria.it\/privacy-policy\/","og_site_name":"Strada Olio Dop Umbria","article_modified_time":"2022-09-28T09:17:52+00:00","twitter_card":"summary_large_image","twitter_misc":{"Est. reading time":"9 minutes"},"schema":{"@context":"https:\/\/schema.org","@graph":[{"@type":"WebPage","@id":"https:\/\/www.stradaoliodopumbria.it\/privacy-policy\/","url":"https:\/\/www.stradaoliodopumbria.it\/privacy-policy\/","name":"Privacy Policy - Strada Olio Dop Umbria","isPartOf":{"@id":"https:\/\/www.stradaoliodopumbria.it\/#website"},"datePublished":"2018-05-25T15:59:33+00:00","dateModified":"2022-09-28T09:17:52+00:00","breadcrumb":{"@id":"https:\/\/www.stradaoliodopumbria.it\/privacy-policy\/#breadcrumb"},"inLanguage":"en-US","potentialAction":[{"@type":"ReadAction","target":["https:\/\/www.stradaoliodopumbria.it\/privacy-policy\/"]}]},{"@type":"BreadcrumbList","@id":"https:\/\/www.stradaoliodopumbria.it\/privacy-policy\/#breadcrumb","itemListElement":[{"@type":"ListItem","position":1,"name":"Home","item":"https:\/\/www.stradaoliodopumbria.it\/en\/"},{"@type":"ListItem","position":2,"name":"Privacy Policy"}]},{"@type":"WebSite","@id":"https:\/\/www.stradaoliodopumbria.it\/#website","url":"https:\/\/www.stradaoliodopumbria.it\/","name":"Strada Olio Dop Umbria","description":"Un nuovo sito targato WordPress","potentialAction":[{"@type":"SearchAction","target":{"@type":"EntryPoint","urlTemplate":"https:\/\/www.stradaoliodopumbria.it\/?s={search_term_string}"},"query-input":{"@type":"PropertyValueSpecification","valueRequired":true,"valueName":"search_term_string"}}],"inLanguage":"en-US"}]}},"_links":{"self":[{"href":"https:\/\/www.stradaoliodopumbria.it\/en\/wp-json\/wp\/v2\/pages\/2806","targetHints":{"allow":["GET"]}}],"collection":[{"href":"https:\/\/www.stradaoliodopumbria.it\/en\/wp-json\/wp\/v2\/pages"}],"about":[{"href":"https:\/\/www.stradaoliodopumbria.it\/en\/wp-json\/wp\/v2\/types\/page"}],"author":[{"embeddable":true,"href":"https:\/\/www.stradaoliodopumbria.it\/en\/wp-json\/wp\/v2\/users\/1"}],"replies":[{"embeddable":true,"href":"https:\/\/www.stradaoliodopumbria.it\/en\/wp-json\/wp\/v2\/comments?post=2806"}],"version-history":[{"count":4,"href":"https:\/\/www.stradaoliodopumbria.it\/en\/wp-json\/wp\/v2\/pages\/2806\/revisions"}],"predecessor-version":[{"id":15417,"href":"https:\/\/www.stradaoliodopumbria.it\/en\/wp-json\/wp\/v2\/pages\/2806\/revisions\/15417"}],"wp:attachment":[{"href":"https:\/\/www.stradaoliodopumbria.it\/en\/wp-json\/wp\/v2\/media?parent=2806"}],"curies":[{"name":"wp","href":"https:\/\/api.w.org\/{rel}","templated":true}]}}